{"id":12188,"date":"2020-08-26T12:30:54","date_gmt":"2020-08-26T12:30:54","guid":{"rendered":"https:\/\/we.care\/we-care-psychological-therapy-via-video-conference-and-chat\/"},"modified":"2026-01-23T13:18:28","modified_gmt":"2026-01-23T13:18:28","slug":"we-care-psychological-therapy-via-video-conference-and-chat","status":"publish","type":"page","link":"https:\/\/we.care\/en\/","title":{"rendered":"Home page"},"content":{"rendered":"<p>[et_pb_section fb_built=&#8221;1&#8243; _builder_version=&#8221;4.24.0&#8243; background_color=&#8221;#2c5e4d&#8221; background_enable_image=&#8221;off&#8221; background_position=&#8221;bottom_right&#8221; module_alignment=&#8221;center&#8221; min_height=&#8221;800px&#8221; custom_margin=&#8221;|0px||0px|false|false&#8221; custom_padding=&#8221;70px|0px|0px|0px|false|false&#8221; background_last_edited=&#8221;on|phone&#8221; background_image_phone=&#8221;https:\/\/we.care\/wp-content\/uploads\/2020\/03\/mobile-last.jpg&#8221; background_enable_image_phone=&#8221;on&#8221; locked=&#8221;off&#8221; global_colors_info=&#8221;{}&#8221;][et_pb_row custom_padding_last_edited=&#8221;on|phone&#8221; _builder_version=&#8221;4.24.0&#8243; max_width=&#8221;1002px&#8221; custom_margin=&#8221;50px||0px||false|false&#8221; custom_margin_tablet=&#8221;20px||0px||false|false&#8221; custom_margin_phone=&#8221;60px||||false|false&#8221; custom_margin_last_edited=&#8221;on|phone&#8221; custom_padding=&#8221;0px||20px||false|false&#8221; custom_padding_tablet=&#8221;0px||20px||false|false&#8221; custom_padding_phone=&#8221;0px||20px||false|false&#8221; global_colors_info=&#8221;{}&#8221;][et_pb_column type=&#8221;4_4&#8243; _builder_version=&#8221;4.16&#8243; global_colors_info=&#8221;{}&#8221;][et_pb_text admin_label=&#8221;Autoriseret Psykologhj\u00e6lp&#8221; _builder_version=&#8221;4.24.0&#8243; text_font=&#8221;Playfair Display|700|||||||&#8221; text_text_color=&#8221;#002920&#8243; header_font=&#8221;Playfair Display|700|||||||&#8221; header_text_align=&#8221;center&#8221; header_text_color=&#8221;#FFFFFF&#8221; header_font_size=&#8221;60px&#8221; header_line_height=&#8221;60px&#8221; custom_margin=&#8221;||0px||false|false&#8221; custom_padding=&#8221;||0px||false|false&#8221; hover_enabled=&#8221;0&#8243; text_font_size_tablet=&#8221;&#8221; text_font_size_phone=&#8221;14px&#8221; text_font_size_last_edited=&#8221;on|phone&#8221; header_font_tablet=&#8221;&#8221; header_font_phone=&#8221;Playfair Display||||||||&#8221; header_font_last_edited=&#8221;on|phone&#8221; header_font_size_tablet=&#8221;&#8221; header_font_size_phone=&#8221;40px&#8221; header_font_size_last_edited=&#8221;on|phone&#8221; header_line_height_tablet=&#8221;&#8221; header_line_height_phone=&#8221;40px&#8221; header_line_height_last_edited=&#8221;on|phone&#8221; global_colors_info=&#8221;{}&#8221; sticky_enabled=&#8221;0&#8243;]<\/p>\n<h1><\/h1>\n<h1><span data-metadata=\"&lt;!--(figmeta)eyJmaWxlS2V5IjoiSWgwOHpXYUJOYlZ0Q2VxM0pMZ01JRiIsInBhc3RlSUQiOjEzNjQ5MjAwMzksImRhdGFUeXBlIjoic2NlbmUifQo=(\/figmeta)--&gt;\" style=\"font-style: normal; font-variant-caps: normal; font-weight: 400; letter-spacing: normal; orphans: auto; text-align: start; text-indent: 0px; text-transform: none; white-space: normal; widows: auto; word-spacing: 0px; -webkit-text-stroke-width: 0px; text-decoration: none; caret-color: #000000; color: #000000;\"><\/span><span>Mental health, designed<br \/>for the way we<em> live<\/em> and <em>work<\/em><\/span><\/h1>\n<h1><\/h1>\n<p>[\/et_pb_text][et_pb_blurb icon_placement=&#8221;left&#8221; image_icon_width=&#8221;20px&#8221; content_max_width=&#8221;800px&#8221; _builder_version=&#8221;4.24.0&#8243; _module_preset=&#8221;default&#8221; header_level=&#8221;h3&#8243; header_font=&#8221;Poppins|300|||||||&#8221; header_text_color=&#8221;#ffffff&#8221; header_font_size=&#8221;16px&#8221; header_line_height=&#8221;1.2em&#8221; body_font=&#8221;Poppins|300|||||||&#8221; body_text_color=&#8221;#FFFFFF&#8221; body_font_size=&#8221;18px&#8221; width=&#8221;100%&#8221; max_width=&#8221;100%&#8221; module_alignment=&#8221;center&#8221; custom_margin=&#8221;20px|0px||-15px|false|false&#8221; custom_padding=&#8221;|0px||0px|false|false&#8221; header_text_color_last_edited=&#8221;off|phone&#8221; header_font_size_tablet=&#8221;&#8221; header_font_size_phone=&#8221;14px&#8221; header_font_size_last_edited=&#8221;on|phone&#8221; body_font_size_tablet=&#8221;18px&#8221; body_font_size_phone=&#8221;15px&#8221; body_font_size_last_edited=&#8221;on|phone&#8221; border_color_all_image=&#8221;#0c71c3&#8243; icon_font_size=&#8221;20px&#8221; locked=&#8221;off&#8221; global_colors_info=&#8221;{}&#8221;]<\/p>\n<p data-start=\"297\" data-end=\"430\" style=\"text-align: center;\"><span data-metadata=\"&lt;!--(figmeta)eyJmaWxlS2V5IjoiSWgwOHpXYUJOYlZ0Q2VxM0pMZ01JRiIsInBhc3RlSUQiOjg4NzA4NDA5MiwiZGF0YVR5cGUiOiJzY2VuZSJ9Cg==(\/figmeta)--&gt;\" style=\"font-style: normal; font-variant-caps: normal; font-weight: 400; letter-spacing: normal; orphans: auto; text-align: start; text-indent: 0px; text-transform: none; white-space: normal; widows: auto; word-spacing: 0px; -webkit-text-stroke-width: 0px; text-decoration: none; caret-color: #000000; color: #000000;\"><\/span><span>we.care is an online mental-health clinic delivering professional, evidence-based psychological care across mental challenges, pressures and needs. <\/span><span>From early intervention and prevention to treatment and systematic follow-up.<\/span><\/p>\n<p>[\/et_pb_blurb][et_pb_button button_url=&#8221;@ET-DC@eyJkeW5hbWljIjp0cnVlLCJjb250ZW50IjoicG9zdF9saW5rX3VybF9wYWdlIiwic2V0dGluZ3MiOnsicG9zdF9pZCI6IjQ1OTA3In19@&#8221; url_new_window=&#8221;on&#8221; button_text=&#8221;Talk with us&#8221; button_alignment=&#8221;center&#8221; module_id=&#8221;hero_begynd_her_knap&#8221; _builder_version=&#8221;4.24.0&#8243; _dynamic_attributes=&#8221;button_url&#8221; _module_preset=&#8221;default&#8221; custom_button=&#8221;on&#8221; button_text_size=&#8221;15px&#8221; button_text_color=&#8221;#FFFFFF&#8221; button_bg_color=&#8221;#002920&#8243; button_bg_color_gradient_direction=&#8221;275deg&#8221; button_bg_color_gradient_stops=&#8221;#d6c7b9 0%|#d6b69a 100%&#8221; button_bg_color_gradient_start=&#8221;#d6c7b9&#8243; button_bg_color_gradient_end=&#8221;#d6b69a&#8221; button_border_width=&#8221;0px&#8221; button_border_color=&#8221;rgba(0,0,0,0)&#8221; button_border_radius=&#8221;45px&#8221; button_letter_spacing=&#8221;1px&#8221; button_font=&#8221;Poppins|300|||||||&#8221; button_use_icon=&#8221;off&#8221; custom_margin=&#8221;40px||15px||false|false&#8221; custom_padding=&#8221;20px|30px|20px|30px|false|false&#8221; button_text_size_phone=&#8221;13px&#8221; button_text_size_last_edited=&#8221;off|desktop&#8221; button_bg_color_last_edited=&#8221;off|desktop&#8221; box_shadow_style=&#8221;preset1&#8243; saved_tabs=&#8221;all&#8221; global_colors_info=&#8221;{}&#8221; button_letter_spacing__hover_enabled=&#8221;on|desktop&#8221; button_bg_color__hover_enabled=&#8221;on|hover&#8221; button_bg_color_gradient_start__hover=&#8221;#d6b69a&#8221; button_bg_color_gradient_end__hover=&#8221;#d6c7b9&#8243; button_bg_color_gradient_direction__hover=&#8221;150deg&#8221; button_letter_spacing__hover=&#8221;1px&#8221; button_bg_color__hover=&#8221;#002920&#8243; button_bg_color_gradient_stops__hover=&#8221;#d6b69a 0%|#d6c7b9 100%&#8221;][\/et_pb_button][\/et_pb_column][\/et_pb_row][\/et_pb_section][et_pb_section fb_built=&#8221;1&#8243; custom_padding_last_edited=&#8221;on|phone&#8221; _builder_version=&#8221;4.24.0&#8243; background_color=&#8221;#f8f8f6&#8243; background_enable_image=&#8221;off&#8221; module_alignment=&#8221;center&#8221; custom_padding=&#8221;60px|60px|60px|60px|false|false&#8221; custom_padding_tablet=&#8221;&#8221; custom_padding_phone=&#8221;10px|0px|1px|0px|false|false&#8221; top_divider_height=&#8221;24px&#8221; bottom_divider_color=&#8221;#d6c7b9&#8243; bottom_divider_height=&#8221;26px&#8221; locked=&#8221;off&#8221; global_colors_info=&#8221;{}&#8221;][et_pb_row column_structure=&#8221;1_2,1_2&#8243; custom_padding_last_edited=&#8221;on|phone&#8221; _builder_version=&#8221;4.24.0&#8243; max_width=&#8221;1080px&#8221; custom_margin=&#8221;0px||0px||false|false&#8221; custom_margin_tablet=&#8221;20px||0px||false|false&#8221; custom_margin_phone=&#8221;60px||||false|false&#8221; custom_margin_last_edited=&#8221;on|phone&#8221; custom_padding=&#8221;50px||50px||false|false&#8221; custom_padding_tablet=&#8221;0px||20px||false|false&#8221; custom_padding_phone=&#8221;0px||40px||false|false&#8221; global_colors_info=&#8221;{}&#8221;][et_pb_column type=&#8221;1_2&#8243; _builder_version=&#8221;4.16&#8243; global_colors_info=&#8221;{}&#8221;][et_pb_text _builder_version=&#8221;4.24.0&#8243; _module_preset=&#8221;default&#8221; text_font=&#8221;Poppins|700|||||||&#8221; text_text_color=&#8221;#323232&#8243; text_font_size=&#8221;18px&#8221; header_font=&#8221;Playfair Display||||||||&#8221; header_2_font=&#8221;Playfair Display|700|||||||&#8221; header_2_text_color=&#8221;#FFFFFF&#8221; header_2_font_size=&#8221;24px&#8221; custom_margin=&#8221;|0px|0px|0px|false|false&#8221; custom_margin_tablet=&#8221;&#8221; custom_margin_phone=&#8221;35px|0px|0px|0px|false|false&#8221; custom_margin_last_edited=&#8221;on|phone&#8221; custom_padding=&#8221;||0px||false|false&#8221; locked=&#8221;off&#8221; global_colors_info=&#8221;{}&#8221;]<\/p>\n<p style=\"text-align: left;\"><span data-metadata=\"&lt;!--(figmeta)eyJmaWxlS2V5IjoiSWgwOHpXYUJOYlZ0Q2VxM0pMZ01JRiIsInBhc3RlSUQiOjE1MzQxODA1MjIsImRhdGFUeXBlIjoic2NlbmUifQo=(\/figmeta)--&gt;\" style=\"font-style: normal; font-variant-caps: normal; font-weight: 400; letter-spacing: normal; orphans: auto; text-align: start; text-indent: 0px; text-transform: none; white-space: normal; widows: auto; word-spacing: 0px; -webkit-text-stroke-width: 0px; text-decoration: none; caret-color: #000000; color: #000000;\"><\/span><span>We set a new standard for<br \/>digital mental health<\/span><\/p>\n<p>[\/et_pb_text][et_pb_text _builder_version=&#8221;4.24.0&#8243; _module_preset=&#8221;default&#8221; text_font=&#8221;Poppins|300|||||||&#8221; text_text_color=&#8221;#323232&#8243; text_font_size=&#8221;15px&#8221; header_font=&#8221;Playfair Display||||||||&#8221; header_2_font=&#8221;Playfair Display|700|||||||&#8221; header_2_text_color=&#8221;#323232&#8243; header_2_font_size=&#8221;24px&#8221; max_width=&#8221;90%&#8221; custom_margin=&#8221;|0px|0px|0px|false|false&#8221; custom_margin_tablet=&#8221;&#8221; custom_margin_phone=&#8221;35px|0px|30px|0px|false|false&#8221; custom_margin_last_edited=&#8221;on|phone&#8221; custom_padding=&#8221;30px||||false|false&#8221; custom_padding_tablet=&#8221;30px||||false|false&#8221; custom_padding_phone=&#8221;0px||||false|false&#8221; custom_padding_last_edited=&#8221;on|phone&#8221; text_font_tablet=&#8221;Poppins|300|||||||&#8221; text_font_phone=&#8221;Poppins|300|||||||&#8221; text_font_last_edited=&#8221;on|phone&#8221; text_font_size_tablet=&#8221;18px&#8221; text_font_size_phone=&#8221;15px&#8221; text_font_size_last_edited=&#8221;on|phone&#8221; locked=&#8221;off&#8221; global_colors_info=&#8221;{}&#8221;]<\/p>\n<p style=\"text-align: left;\"><span data-metadata=\"&lt;!--(figmeta)eyJmaWxlS2V5IjoiSWgwOHpXYUJOYlZ0Q2VxM0pMZ01JRiIsInBhc3RlSUQiOjE3MTMyNzkyNDUsImRhdGFUeXBlIjoic2NlbmUifQo=(\/figmeta)--&gt;\" style=\"font-style: normal; font-variant-caps: normal; font-weight: 400; letter-spacing: normal; orphans: auto; text-align: start; text-indent: 0px; text-transform: none; white-space: normal; widows: auto; word-spacing: 0px; -webkit-text-stroke-width: 0px; text-decoration: none; caret-color: #000000; color: #000000;\"><\/span><span>We rethink how mental health is prevented and treated \u2014 by combining specialised psychological expertise with digital care pathways, structured learning and systematic outcome measurement. <\/span><span>This creates clarity, continuity and documented results \u2014 for both individuals and organisations.<\/span><\/p>\n<p>[\/et_pb_text][\/et_pb_column][et_pb_column type=&#8221;1_2&#8243; _builder_version=&#8221;4.16&#8243; global_colors_info=&#8221;{}&#8221;][et_pb_text _builder_version=&#8221;4.24.0&#8243; _module_preset=&#8221;default&#8221; text_font=&#8221;Poppins|700|||||||&#8221; text_text_color=&#8221;#323232&#8243; text_font_size=&#8221;18px&#8221; header_font=&#8221;Playfair Display||||||||&#8221; header_2_font=&#8221;Playfair Display|700|||||||&#8221; header_2_text_color=&#8221;#FFFFFF&#8221; header_2_font_size=&#8221;24px&#8221; max_width=&#8221;90%&#8221; module_alignment=&#8221;right&#8221; custom_margin=&#8221;|0px|0px|0px|false|false&#8221; custom_margin_tablet=&#8221;&#8221; custom_margin_phone=&#8221;35px|0px|30px|0px|false|false&#8221; custom_margin_last_edited=&#8221;on|phone&#8221; custom_padding=&#8221;||0px||false|false&#8221; module_alignment_tablet=&#8221;right&#8221; module_alignment_phone=&#8221;left&#8221; module_alignment_last_edited=&#8221;on|phone&#8221; locked=&#8221;off&#8221; global_colors_info=&#8221;{}&#8221;]<\/p>\n<p style=\"text-align: left;\"><span data-metadata=\"&lt;!--(figmeta)eyJmaWxlS2V5IjoiSWgwOHpXYUJOYlZ0Q2VxM0pMZ01JRiIsInBhc3RlSUQiOjE1MzQxODA1MjIsImRhdGFUeXBlIjoic2NlbmUifQo=(\/figmeta)--&gt;\" style=\"font-style: normal; font-variant-caps: normal; font-weight: 400; letter-spacing: normal; orphans: auto; text-align: start; text-indent: 0px; text-transform: none; white-space: normal; widows: auto; word-spacing: 0px; -webkit-text-stroke-width: 0px; text-decoration: none; caret-color: #000000; color: #000000;\"><\/span><span>Clinical quality.<br \/>Clear accountability.<br \/><\/span><\/p>\n<p>[\/et_pb_text][et_pb_text _builder_version=&#8221;4.24.0&#8243; _module_preset=&#8221;default&#8221; text_font=&#8221;Poppins|300|||||||&#8221; text_text_color=&#8221;#323232&#8243; text_font_size=&#8221;15px&#8221; header_font=&#8221;Playfair Display||||||||&#8221; header_2_font=&#8221;Playfair Display|700|||||||&#8221; header_2_text_color=&#8221;#323232&#8243; header_2_font_size=&#8221;24px&#8221; max_width=&#8221;90%&#8221; module_alignment=&#8221;right&#8221; custom_margin=&#8221;|0px|0px|0px|false|false&#8221; custom_margin_tablet=&#8221;&#8221; custom_margin_phone=&#8221;35px|0px|0px|0px|false|false&#8221; custom_margin_last_edited=&#8221;on|phone&#8221; custom_padding=&#8221;30px||30px||false|false&#8221; custom_padding_tablet=&#8221;30px||30px||false|false&#8221; custom_padding_phone=&#8221;0px||30px||false|false&#8221; custom_padding_last_edited=&#8221;on|phone&#8221; text_font_size_tablet=&#8221;18px&#8221; text_font_size_phone=&#8221;15px&#8221; text_font_size_last_edited=&#8221;on|phone&#8221; module_alignment_tablet=&#8221;right&#8221; module_alignment_phone=&#8221;left&#8221; module_alignment_last_edited=&#8221;on|phone&#8221; locked=&#8221;off&#8221; global_colors_info=&#8221;{}&#8221;]<\/p>\n<p style=\"text-align: left;\"><span data-metadata=\"&lt;!--(figmeta)eyJmaWxlS2V5IjoiSWgwOHpXYUJOYlZ0Q2VxM0pMZ01JRiIsInBhc3RlSUQiOjE3MTMyNzkyNDUsImRhdGFUeXBlIjoic2NlbmUifQo=(\/figmeta)--&gt;\" style=\"font-style: normal; font-variant-caps: normal; font-weight: 400; letter-spacing: normal; orphans: auto; text-align: start; text-indent: 0px; text-transform: none; white-space: normal; widows: auto; word-spacing: 0px; -webkit-text-stroke-width: 0px; text-decoration: none; caret-color: #000000; color: #000000;\"><\/span><span>We.care is an online mental-health clinic with specialised psychologists and clear clinical responsibility.<\/span><br data-start=\"1008\" data-end=\"1011\" \/><span>We collaborate with insurance companies, businesses and organisations, while also offering direct access to tailored care pathways for individuals.<\/span><\/p>\n<p>[\/et_pb_text][\/et_pb_column][\/et_pb_row][\/et_pb_section]<\/p>\n","protected":false},"excerpt":{"rendered":"<p>Mental health, designedfor the way we live and work we.care is an online mental-health clinic delivering professional, evidence-based psychological care across mental challenges, pressures and needs. From early intervention and prevention to treatment and systematic follow-up.We set a new standard fordigital mental healthWe rethink how mental health is prevented and treated \u2014 by combining specialised [&hellip;]<\/p>\n","protected":false},"author":1,"featured_media":30146,"parent":0,"menu_order":0,"comment_status":"closed","ping_status":"closed","template":"","meta":{"_et_pb_use_builder":"on","_et_pb_old_content":"","_et_gb_content_width":"","footnotes":""},"yoast_head":"<!-- This site is optimized with the Yoast SEO plugin v23.5 - https:\/\/yoast.com\/wordpress\/plugins\/seo\/ -->\n<title>We.Care\u00ae - Autoriseret psykologhj\u00e6lp online uden ventetid<\/title>\n<meta name=\"description\" content=\"F\u00e5 hj\u00e6lp fra en autoriseret psykolog over video eller skrift. Der er ingen ventetid, ingen ventev\u00e6relser og du beh\u00f8ver ingen henvisning fra din l\u00e6ge. Du kan trygt sidde hjemmefra. We.Care\u00ae hj\u00e6lper dig igennem hele forl\u00f8bet.\" \/>\n<meta name=\"robots\" content=\"index, follow, max-snippet:-1, max-image-preview:large, max-video-preview:-1\" \/>\n<link rel=\"canonical\" href=\"https:\/\/we.care\/en\/\" \/>\n<meta property=\"og:locale\" content=\"en_US\" \/>\n<meta property=\"og:type\" content=\"article\" \/>\n<meta property=\"og:title\" content=\"We.Care\u00ae - Autoriseret psykologhj\u00e6lp online uden ventetid\" \/>\n<meta property=\"og:description\" content=\"F\u00e5 hj\u00e6lp fra en autoriseret psykolog over video eller skrift. Der er ingen ventetid, ingen ventev\u00e6relser og du beh\u00f8ver ingen henvisning fra din l\u00e6ge. Du kan trygt sidde hjemmefra. We.Care\u00ae hj\u00e6lper dig igennem hele forl\u00f8bet.\" \/>\n<meta property=\"og:url\" content=\"https:\/\/we.care\/en\/\" \/>\n<meta property=\"og:site_name\" content=\"We.Care\u00ae\" \/>\n<meta property=\"article:publisher\" content=\"https:\/\/www.facebook.com\/WeCare.Software\/\" \/>\n<meta property=\"article:modified_time\" content=\"2026-01-23T13:18:28+00:00\" \/>\n<meta property=\"og:image\" content=\"https:\/\/we.care\/wp-content\/uploads\/2021\/09\/3_skaerme_ny.png\" \/>\n\t<meta property=\"og:image:width\" content=\"931\" \/>\n\t<meta property=\"og:image:height\" content=\"627\" \/>\n\t<meta property=\"og:image:type\" content=\"image\/png\" \/>\n<meta name=\"twitter:card\" content=\"summary_large_image\" \/>\n<meta name=\"twitter:label1\" content=\"Est. reading time\" \/>\n\t<meta name=\"twitter:data1\" content=\"7 minutes\" \/>\n<!-- \/ Yoast SEO plugin. -->","yoast_head_json":{"title":"We.Care\u00ae - Autoriseret psykologhj\u00e6lp online uden ventetid","description":"F\u00e5 hj\u00e6lp fra en autoriseret psykolog over video eller skrift. Der er ingen ventetid, ingen ventev\u00e6relser og du beh\u00f8ver ingen henvisning fra din l\u00e6ge. Du kan trygt sidde hjemmefra. We.Care\u00ae hj\u00e6lper dig igennem hele forl\u00f8bet.","robots":{"index":"index","follow":"follow","max-snippet":"max-snippet:-1","max-image-preview":"max-image-preview:large","max-video-preview":"max-video-preview:-1"},"canonical":"https:\/\/we.care\/en\/","og_locale":"en_US","og_type":"article","og_title":"We.Care\u00ae - Autoriseret psykologhj\u00e6lp online uden ventetid","og_description":"F\u00e5 hj\u00e6lp fra en autoriseret psykolog over video eller skrift. Der er ingen ventetid, ingen ventev\u00e6relser og du beh\u00f8ver ingen henvisning fra din l\u00e6ge. Du kan trygt sidde hjemmefra. We.Care\u00ae hj\u00e6lper dig igennem hele forl\u00f8bet.","og_url":"https:\/\/we.care\/en\/","og_site_name":"We.Care\u00ae","article_publisher":"https:\/\/www.facebook.com\/WeCare.Software\/","article_modified_time":"2026-01-23T13:18:28+00:00","og_image":[{"url":"https:\/\/we.care\/wp-content\/uploads\/2021\/09\/3_skaerme_ny.png","width":931,"height":627,"type":"image\/png"}],"twitter_card":"summary_large_image","twitter_misc":{"Est. reading time":"7 minutes"},"schema":{"@context":"https:\/\/schema.org","@graph":[{"@type":"WebPage","@id":"https:\/\/we.care\/en\/","url":"https:\/\/we.care\/en\/","name":"We.Care\u00ae - Autoriseret psykologhj\u00e6lp online uden ventetid","isPartOf":{"@id":"https:\/\/we.care\/en\/#website"},"primaryImageOfPage":{"@id":"https:\/\/we.care\/en\/#primaryimage"},"image":{"@id":"https:\/\/we.care\/en\/#primaryimage"},"thumbnailUrl":"https:\/\/we.care\/wp-content\/uploads\/2021\/09\/3_skaerme_ny.png","datePublished":"2020-08-26T12:30:54+00:00","dateModified":"2026-01-23T13:18:28+00:00","description":"F\u00e5 hj\u00e6lp fra en autoriseret psykolog over video eller skrift. Der er ingen ventetid, ingen ventev\u00e6relser og du beh\u00f8ver ingen henvisning fra din l\u00e6ge. Du kan trygt sidde hjemmefra. We.Care\u00ae hj\u00e6lper dig igennem hele forl\u00f8bet.","breadcrumb":{"@id":"https:\/\/we.care\/en\/#breadcrumb"},"inLanguage":"en-US","potentialAction":[{"@type":"ReadAction","target":["https:\/\/we.care\/en\/"]}]},{"@type":"ImageObject","inLanguage":"en-US","@id":"https:\/\/we.care\/en\/#primaryimage","url":"https:\/\/we.care\/wp-content\/uploads\/2021\/09\/3_skaerme_ny.png","contentUrl":"https:\/\/we.care\/wp-content\/uploads\/2021\/09\/3_skaerme_ny.png","width":931,"height":627},{"@type":"BreadcrumbList","@id":"https:\/\/we.care\/en\/#breadcrumb","itemListElement":[{"@type":"ListItem","position":1,"name":"Home","item":"https:\/\/we.care\/en\/"},{"@type":"ListItem","position":2,"name":"Home page"}]},{"@type":"WebSite","@id":"https:\/\/we.care\/en\/#website","url":"https:\/\/we.care\/en\/","name":"We.Care\u00ae","description":"Psykologhj\u00e6lp online","publisher":{"@id":"https:\/\/we.care\/en\/#organization"},"potentialAction":[{"@type":"SearchAction","target":{"@type":"EntryPoint","urlTemplate":"https:\/\/we.care\/en\/?s={search_term_string}"},"query-input":{"@type":"PropertyValueSpecification","valueRequired":true,"valueName":"search_term_string"}}],"inLanguage":"en-US"},{"@type":"Organization","@id":"https:\/\/we.care\/en\/#organization","name":"We.Care","url":"https:\/\/we.care\/en\/","logo":{"@type":"ImageObject","inLanguage":"en-US","@id":"https:\/\/we.care\/en\/#\/schema\/logo\/image\/","url":"https:\/\/we.care\/wp-content\/uploads\/2019\/06\/WeCare-Logo-Light-green-RGB-2.png","contentUrl":"https:\/\/we.care\/wp-content\/uploads\/2019\/06\/WeCare-Logo-Light-green-RGB-2.png","width":1961,"height":1065,"caption":"We.Care"},"image":{"@id":"https:\/\/we.care\/en\/#\/schema\/logo\/image\/"},"sameAs":["https:\/\/www.facebook.com\/WeCare.Software\/"]}]}},"_links":{"self":[{"href":"https:\/\/we.care\/en\/wp-json\/wp\/v2\/pages\/12188"}],"collection":[{"href":"https:\/\/we.care\/en\/wp-json\/wp\/v2\/pages"}],"about":[{"href":"https:\/\/we.care\/en\/wp-json\/wp\/v2\/types\/page"}],"author":[{"embeddable":true,"href":"https:\/\/we.care\/en\/wp-json\/wp\/v2\/users\/1"}],"replies":[{"embeddable":true,"href":"https:\/\/we.care\/en\/wp-json\/wp\/v2\/comments?post=12188"}],"version-history":[{"count":151,"href":"https:\/\/we.care\/en\/wp-json\/wp\/v2\/pages\/12188\/revisions"}],"predecessor-version":[{"id":46540,"href":"https:\/\/we.care\/en\/wp-json\/wp\/v2\/pages\/12188\/revisions\/46540"}],"wp:featuredmedia":[{"embeddable":true,"href":"https:\/\/we.care\/en\/wp-json\/wp\/v2\/media\/30146"}],"wp:attachment":[{"href":"https:\/\/we.care\/en\/wp-json\/wp\/v2\/media?parent=12188"}],"curies":[{"name":"wp","href":"https:\/\/api.w.org\/{rel}","templated":true}]}}